{"id":2246,"date":"2024-11-27T10:42:44","date_gmt":"2024-11-27T13:42:44","guid":{"rendered":"https:\/\/isfd114-bue.infd.edu.ar\/sitio\/?page_id=2246"},"modified":"2025-10-31T13:42:31","modified_gmt":"2025-10-31T16:42:31","slug":"reconocimiento-egresados-de-secundaria-tecnica-en-electromecanica","status":"publish","type":"page","link":"https:\/\/isfd114-bue.infd.edu.ar\/sitio\/reconocimiento-egresados-de-secundaria-tecnica-en-electromecanica\/","title":{"rendered":"Reconocimiento Egresados de Secundaria T\u00e9cnica en Electromec\u00e1nica y Electr\u00f3nica"},"content":{"rendered":"\n<p class=\"has-medium-font-size\"><a rel=\"noreferrer noopener\" href=\"https:\/\/isfd114-bue.infd.edu.ar\/sitio\/wp-content\/uploads\/2024\/11\/Reconocimiento-de-trayectorias-en-la-Educacion-Tecnico-Profesional.pdf\" target=\"_blank\">Reconocimiento de Trayectorias ELECTROMEC\u00c1NICA<\/a><\/p>\n\n\n\n<p class=\"has-medium-font-size\"><a href=\"https:\/\/isfd114-bue.infd.edu.ar\/sitio\/wp-content\/uploads\/2025\/10\/Reconocimiento-de-trayectorias-en-la-Educacion-Tecnico-Profesional.pdf\" target=\"_blank\" rel=\"noreferrer noopener\">Reconocimiento de Trayectorias ELECTR\u00d3NICA<\/a><\/p>\n\n\n\n<p><\/p>\n","protected":false},"excerpt":{"rendered":"<p>Reconocimiento de Trayectorias ELECTROMEC\u00c1NICA Reconocimiento de Trayectorias ELECTR\u00d3NICA<\/p>\n","protected":false},"author":1719,"featured_media":0,"parent":0,"menu_order":0,"comment_status":"closed","ping_status":"closed","template":"","meta":[],"acf":[],"_links":{"self":[{"href":"https:\/\/isfd114-bue.infd.edu.ar\/sitio\/wp-json\/wp\/v2\/pages\/2246"}],"collection":[{"href":"https:\/\/isfd114-bue.infd.edu.ar\/sitio\/wp-json\/wp\/v2\/pages"}],"about":[{"href":"https:\/\/isfd114-bue.infd.edu.ar\/sitio\/wp-json\/wp\/v2\/types\/page"}],"author":[{"embeddable":true,"href":"https:\/\/isfd114-bue.infd.edu.ar\/sitio\/wp-json\/wp\/v2\/users\/1719"}],"replies":[{"embeddable":true,"href":"https:\/\/isfd114-bue.infd.edu.ar\/sitio\/wp-json\/wp\/v2\/comments?post=2246"}],"version-history":[{"count":9,"href":"https:\/\/isfd114-bue.infd.edu.ar\/sitio\/wp-json\/wp\/v2\/pages\/2246\/revisions"}],"predecessor-version":[{"id":2631,"href":"https:\/\/isfd114-bue.infd.edu.ar\/sitio\/wp-json\/wp\/v2\/pages\/2246\/revisions\/2631"}],"wp:attachment":[{"href":"https:\/\/isfd114-bue.infd.edu.ar\/sitio\/wp-json\/wp\/v2\/media?parent=2246"}],"curies":[{"name":"wp","href":"https:\/\/api.w.org\/{rel}","templated":true}]}}