{"id":842,"date":"2018-08-29T16:08:06","date_gmt":"2018-08-29T19:08:06","guid":{"rendered":"https:\/\/isfd114-bue.infd.edu.ar\/sitio\/normativa-docentes\/"},"modified":"2025-10-30T17:35:40","modified_gmt":"2025-10-30T20:35:40","slug":"normativa-docentes","status":"publish","type":"page","link":"https:\/\/isfd114-bue.infd.edu.ar\/sitio\/normativa-docentes\/","title":{"rendered":"Normativas para Docentes"},"content":{"rendered":"<h3 style=\"text-align: center;\"><span style=\"font-size: 10pt;\"><span style=\"font-family: arial,helvetica,sans-serif;\"><span style=\"font-size: 12pt;\">En esta secci\u00f3n ponemos al alcance de todos los docentes, para su lectura detallada y mejor conocimiento, las Resoluciones que marcan las normas a tener en cuenta en el desarrollo de las cursadas y\/o en el seguimiento de determinados tr\u00e1mites administrativos, a saber:<\/span><\/span><\/span><\/h3>\n<p><a href=\"https:\/\/isfd114-bue.infd.edu.ar\/sitio\/wp-content\/uploads\/sitio\/REGLAMENTO_IST_SUP.pdf\" target=\"_blank\" rel=\"noopener\">Reglamento de Institutos Superiores<\/a><\/p>\n<p><a href=\"https:\/\/isfd114-bue.infd.edu.ar\/sitio\/wp-content\/uploads\/2025\/02\/Res-4196-24-RAM.pdf\" target=\"_blank\" rel=\"noopener\">R\u00e9gimen Acad\u00e9mico Marco Anexo I<\/a><\/p>\n<p><a href=\"https:\/\/isfd114-bue.infd.edu.ar\/sitio\/wp-content\/uploads\/2025\/10\/Regimen-Academico-Marco-Anexo-2.pdf\" target=\"_blank\" rel=\"noopener\">R\u00e9gimen Acad\u00e9mico Marco Anexo II<\/a><\/p>\n<p><a href=\"https:\/\/isfd114-bue.infd.edu.ar\/sitio\/wp-content\/uploads\/2025\/10\/Regimen-Academico-Marco-Anexo-3.pdf\" target=\"_blank\" rel=\"noopener\">R\u00e9gimen Acad\u00e9mico Marco Anexo III<\/a><\/p>\n<p><a href=\"https:\/\/isfd114-bue.infd.edu.ar\/sitio\/wp-content\/uploads\/sitio\/ReglamentoLabComputacion.pdf\" target=\"_blank\" rel=\"noopener\">Reglamento de uso de los Laboratorios de Inform\u00e1tica<br \/>\n<\/a><\/p>\n","protected":false},"excerpt":{"rendered":"<p>En esta secci\u00f3n ponemos al alcance de todos los docentes, para su lectura detallada y mejor conocimiento, las Resoluciones que marcan las normas a tener en cuenta en el desarrollo de las cursadas y\/o en el seguimiento de determinados tr\u00e1mites administrativos, a saber: Reglamento de Institutos Superiores R\u00e9gimen Acad\u00e9mico Marco Anexo I R\u00e9gimen Acad\u00e9mico Marco &#8230; <a title=\"Normativas para Docentes\" class=\"read-more\" href=\"https:\/\/isfd114-bue.infd.edu.ar\/sitio\/normativa-docentes\/\" aria-label=\"More on Normativas para Docentes\">[+]<\/a><\/p>\n","protected":false},"author":1569,"featured_media":0,"parent":0,"menu_order":0,"comment_status":"closed","ping_status":"closed","template":"","meta":[],"acf":[],"_links":{"self":[{"href":"https:\/\/isfd114-bue.infd.edu.ar\/sitio\/wp-json\/wp\/v2\/pages\/842"}],"collection":[{"href":"https:\/\/isfd114-bue.infd.edu.ar\/sitio\/wp-json\/wp\/v2\/pages"}],"about":[{"href":"https:\/\/isfd114-bue.infd.edu.ar\/sitio\/wp-json\/wp\/v2\/types\/page"}],"author":[{"embeddable":true,"href":"https:\/\/isfd114-bue.infd.edu.ar\/sitio\/wp-json\/wp\/v2\/users\/1569"}],"replies":[{"embeddable":true,"href":"https:\/\/isfd114-bue.infd.edu.ar\/sitio\/wp-json\/wp\/v2\/comments?post=842"}],"version-history":[{"count":14,"href":"https:\/\/isfd114-bue.infd.edu.ar\/sitio\/wp-json\/wp\/v2\/pages\/842\/revisions"}],"predecessor-version":[{"id":2624,"href":"https:\/\/isfd114-bue.infd.edu.ar\/sitio\/wp-json\/wp\/v2\/pages\/842\/revisions\/2624"}],"wp:attachment":[{"href":"https:\/\/isfd114-bue.infd.edu.ar\/sitio\/wp-json\/wp\/v2\/media?parent=842"}],"curies":[{"name":"wp","href":"https:\/\/api.w.org\/{rel}","templated":true}]}}