{"id":850,"date":"2018-08-29T16:08:09","date_gmt":"2018-08-29T19:08:09","guid":{"rendered":"https:\/\/isfd114-bue.infd.edu.ar\/sitio\/normativa-alumnos\/"},"modified":"2025-10-31T14:06:54","modified_gmt":"2025-10-31T17:06:54","slug":"normativa-alumnos","status":"publish","type":"page","link":"https:\/\/isfd114-bue.infd.edu.ar\/sitio\/normativa-alumnos\/","title":{"rendered":"Normativa para Estudiantes"},"content":{"rendered":"<p style=\"text-align: center;\"><span style=\"font-size: 10pt;\"><span style=\"font-family: arial,helvetica,sans-serif;\"><span style=\"font-size: 12pt;\">En esta secci\u00f3n ponemos al alcance de todos los alumnos, para su lectura detallada y mejor conocimiento, las Resoluciones que marcan las normas a tener en cuenta en el desarrollo de la cursada y\/o en el seguimiento de determinados tr\u00e1mites administrativos, a saber:<\/span><\/span><\/span><\/p>\n<p><a href=\"https:\/\/isfd114-bue.infd.edu.ar\/sitio\/wp-content\/uploads\/2025\/10\/Regimen-Academico-Marco-Anexo-1.pdf\" target=\"_blank\" rel=\"noopener\">R\u00e9gimen Acad\u00e9mico Marco Anexo I<\/a><\/p>\n<p><a href=\"https:\/\/isfd114-bue.infd.edu.ar\/sitio\/wp-content\/uploads\/2025\/10\/Regimen-Academico-Marco-Anexo-2.pdf\" target=\"_blank\" rel=\"noopener\">R\u00e9gimen Acad\u00e9mico Marco Anexo II<\/a><\/p>\n<p><a href=\"https:\/\/isfd114-bue.infd.edu.ar\/sitio\/wp-content\/uploads\/sitio\/ReglamentoLabComputacion.pdf\" target=\"_blank\" rel=\"noopener\">Reglamento de uso de los Laboratorios de Inform\u00e1tica<\/a><\/p>\n<p><a href=\"https:\/\/isfd114-bue.infd.edu.ar\/sitio\/wp-content\/uploads\/2025\/10\/Deberes_y_Derechos_de_los_Alumnos.pdf\" target=\"_blank\" rel=\"noopener\">Derechos y Obligaciones de los Estudiantes<\/a><\/p>\n","protected":false},"excerpt":{"rendered":"<p>En esta secci\u00f3n ponemos al alcance de todos los alumnos, para su lectura detallada y mejor conocimiento, las Resoluciones que marcan las normas a tener en cuenta en el desarrollo de la cursada y\/o en el seguimiento de determinados tr\u00e1mites administrativos, a saber: R\u00e9gimen Acad\u00e9mico Marco Anexo I R\u00e9gimen Acad\u00e9mico Marco Anexo II Reglamento de &#8230; <a title=\"Normativa para Estudiantes\" class=\"read-more\" href=\"https:\/\/isfd114-bue.infd.edu.ar\/sitio\/normativa-alumnos\/\" aria-label=\"More on Normativa para Estudiantes\">[+]<\/a><\/p>\n","protected":false},"author":1569,"featured_media":0,"parent":0,"menu_order":0,"comment_status":"closed","ping_status":"closed","template":"","meta":[],"acf":[],"_links":{"self":[{"href":"https:\/\/isfd114-bue.infd.edu.ar\/sitio\/wp-json\/wp\/v2\/pages\/850"}],"collection":[{"href":"https:\/\/isfd114-bue.infd.edu.ar\/sitio\/wp-json\/wp\/v2\/pages"}],"about":[{"href":"https:\/\/isfd114-bue.infd.edu.ar\/sitio\/wp-json\/wp\/v2\/types\/page"}],"author":[{"embeddable":true,"href":"https:\/\/isfd114-bue.infd.edu.ar\/sitio\/wp-json\/wp\/v2\/users\/1569"}],"replies":[{"embeddable":true,"href":"https:\/\/isfd114-bue.infd.edu.ar\/sitio\/wp-json\/wp\/v2\/comments?post=850"}],"version-history":[{"count":5,"href":"https:\/\/isfd114-bue.infd.edu.ar\/sitio\/wp-json\/wp\/v2\/pages\/850\/revisions"}],"predecessor-version":[{"id":2637,"href":"https:\/\/isfd114-bue.infd.edu.ar\/sitio\/wp-json\/wp\/v2\/pages\/850\/revisions\/2637"}],"wp:attachment":[{"href":"https:\/\/isfd114-bue.infd.edu.ar\/sitio\/wp-json\/wp\/v2\/media?parent=850"}],"curies":[{"name":"wp","href":"https:\/\/api.w.org\/{rel}","templated":true}]}}