{"id":899,"date":"2018-08-29T16:08:30","date_gmt":"2018-08-29T19:08:30","guid":{"rendered":"https:\/\/isfd114-bue.infd.edu.ar\/sitio\/personal\/"},"modified":"2025-10-28T12:39:34","modified_gmt":"2025-10-28T15:39:34","slug":"personal","status":"publish","type":"page","link":"https:\/\/isfd114-bue.infd.edu.ar\/sitio\/personal\/","title":{"rendered":"Personal"},"content":{"rendered":"<p><strong><span style=\"text-decoration: underline;\">EES Nro. 21<\/span><\/strong><\/p>\n<p><strong>Turno Ma\u00f1ana<\/strong><\/p>\n<p>Natalia Provinzano<\/p>\n<p><strong>Turno Tarde<\/strong><\/p>\n<p>Ariel Brolio<\/p>\n<p><strong><span style=\"text-decoration: underline;\">ISFDyT N\u00ba 114<\/span><\/strong><\/p>\n<p><strong>Turno Ma\u00f1ana<\/strong><\/p>\n<p>Mar\u00eda J. Junco Jim\u00e9nez<\/p>\n<p><strong>Turno Noche<\/strong><\/p>\n<p>Mar\u00eda Luisa Torres<\/p>\n","protected":false},"excerpt":{"rendered":"<p>EES Nro. 21 Turno Ma\u00f1ana Natalia Provinzano Turno Tarde Ariel Brolio ISFDyT N\u00ba 114 Turno Ma\u00f1ana Mar\u00eda J. Junco Jim\u00e9nez Turno Noche Mar\u00eda Luisa Torres<\/p>\n","protected":false},"author":1569,"featured_media":0,"parent":0,"menu_order":0,"comment_status":"closed","ping_status":"closed","template":"","meta":[],"acf":[],"_links":{"self":[{"href":"https:\/\/isfd114-bue.infd.edu.ar\/sitio\/wp-json\/wp\/v2\/pages\/899"}],"collection":[{"href":"https:\/\/isfd114-bue.infd.edu.ar\/sitio\/wp-json\/wp\/v2\/pages"}],"about":[{"href":"https:\/\/isfd114-bue.infd.edu.ar\/sitio\/wp-json\/wp\/v2\/types\/page"}],"author":[{"embeddable":true,"href":"https:\/\/isfd114-bue.infd.edu.ar\/sitio\/wp-json\/wp\/v2\/users\/1569"}],"replies":[{"embeddable":true,"href":"https:\/\/isfd114-bue.infd.edu.ar\/sitio\/wp-json\/wp\/v2\/comments?post=899"}],"version-history":[{"count":3,"href":"https:\/\/isfd114-bue.infd.edu.ar\/sitio\/wp-json\/wp\/v2\/pages\/899\/revisions"}],"predecessor-version":[{"id":2591,"href":"https:\/\/isfd114-bue.infd.edu.ar\/sitio\/wp-json\/wp\/v2\/pages\/899\/revisions\/2591"}],"wp:attachment":[{"href":"https:\/\/isfd114-bue.infd.edu.ar\/sitio\/wp-json\/wp\/v2\/media?parent=899"}],"curies":[{"name":"wp","href":"https:\/\/api.w.org\/{rel}","templated":true}]}}