{"id":903,"date":"2018-08-29T16:08:31","date_gmt":"2018-08-29T19:08:31","guid":{"rendered":"https:\/\/isfd114-bue.infd.edu.ar\/sitio\/servicios\/"},"modified":"2025-10-28T12:40:46","modified_gmt":"2025-10-28T15:40:46","slug":"servicios","status":"publish","type":"page","link":"https:\/\/isfd114-bue.infd.edu.ar\/sitio\/servicios\/","title":{"rendered":"Servicios"},"content":{"rendered":"<p><u>Lectura en Sala<\/u><\/p>\n<p>La biblioteca ofrece, una amplia y luminosa sala de lectura a toda la comunidad educativa: alumnos, docentes, personal administrativo, auxiliares, y ex alumnos.<br \/>\nPara facilitar el uso y localizaci\u00f3n del fondo bibliogr\u00e1fico por parte de los usuarios, la biblioteca se maneja con estanter\u00edas abiertas, es decir, se permite el libre acceso las mismas, y el lector puede consultar directamente los libros en los estantes.<\/p>\n<p><u>Pr\u00e9stamo a domicilio\u00a0<\/u><\/p>\n<p>La mayor\u00eda de los libros de la Biblioteca pueden solicitarse en pr\u00e9stamo a domicilio, por parte de los alumnos del Instituto Superior de Formaci\u00f3n Docente N\u00ba 114, y por el personal docente, administrativo y auxiliar de ambas instituciones.<br \/>\nEl pr\u00e9stamo a domicilio est\u00e1 sujeto a un reglamento que regula tanto su duraci\u00f3n como el n\u00famero de libros que se prestan.<br \/>\nQuedan excluidos del pr\u00e9stamo las obras de referencia (bibliograf\u00edas, enciclopedias, diccionarios, etc.), los libros de especial valor, las publicaciones peri\u00f3dicas y los materiales especiales, as\u00ed como cualquier otro tipo de fondo que pueda determinar la biblioteca.<\/p>\n<p><u>Referencia y orientaci\u00f3n en la b\u00fasqueda de informaci\u00f3n.<\/u><\/p>\n<p>Este servicio consiste en la difusi\u00f3n de la colecci\u00f3n en distintos soportes, (libros, revistas, documentos, videos, CD Rom, mapas, etc ) prestando apoyo al usuario en su b\u00fasqueda, y orient\u00e1ndolo en el uso de las diversas fuentes de informaci\u00f3n.<\/p>\n","protected":false},"excerpt":{"rendered":"<p>Lectura en Sala La biblioteca ofrece, una amplia y luminosa sala de lectura a toda la comunidad educativa: alumnos, docentes, personal administrativo, auxiliares, y ex alumnos. Para facilitar el uso y localizaci\u00f3n del fondo bibliogr\u00e1fico por parte de los usuarios, la biblioteca se maneja con estanter\u00edas abiertas, es decir, se permite el libre acceso las &#8230; <a title=\"Servicios\" class=\"read-more\" href=\"https:\/\/isfd114-bue.infd.edu.ar\/sitio\/servicios\/\" aria-label=\"More on Servicios\">[+]<\/a><\/p>\n","protected":false},"author":1569,"featured_media":0,"parent":0,"menu_order":0,"comment_status":"closed","ping_status":"closed","template":"","meta":[],"acf":[],"_links":{"self":[{"href":"https:\/\/isfd114-bue.infd.edu.ar\/sitio\/wp-json\/wp\/v2\/pages\/903"}],"collection":[{"href":"https:\/\/isfd114-bue.infd.edu.ar\/sitio\/wp-json\/wp\/v2\/pages"}],"about":[{"href":"https:\/\/isfd114-bue.infd.edu.ar\/sitio\/wp-json\/wp\/v2\/types\/page"}],"author":[{"embeddable":true,"href":"https:\/\/isfd114-bue.infd.edu.ar\/sitio\/wp-json\/wp\/v2\/users\/1569"}],"replies":[{"embeddable":true,"href":"https:\/\/isfd114-bue.infd.edu.ar\/sitio\/wp-json\/wp\/v2\/comments?post=903"}],"version-history":[{"count":2,"href":"https:\/\/isfd114-bue.infd.edu.ar\/sitio\/wp-json\/wp\/v2\/pages\/903\/revisions"}],"predecessor-version":[{"id":2592,"href":"https:\/\/isfd114-bue.infd.edu.ar\/sitio\/wp-json\/wp\/v2\/pages\/903\/revisions\/2592"}],"wp:attachment":[{"href":"https:\/\/isfd114-bue.infd.edu.ar\/sitio\/wp-json\/wp\/v2\/media?parent=903"}],"curies":[{"name":"wp","href":"https:\/\/api.w.org\/{rel}","templated":true}]}}