{"id":907,"date":"2018-08-29T16:08:33","date_gmt":"2018-08-29T19:08:33","guid":{"rendered":"https:\/\/isfd114-bue.infd.edu.ar\/sitio\/pases-y-equivalencias\/"},"modified":"2024-11-14T16:42:07","modified_gmt":"2024-11-14T19:42:07","slug":"pases-y-equivalencias","status":"publish","type":"page","link":"https:\/\/isfd114-bue.infd.edu.ar\/sitio\/pases-y-equivalencias\/","title":{"rendered":"Pases y Equivalencias"},"content":{"rendered":"<h2 style=\"text-align: center;\">\u00a0<span style=\"font-family: arial,helvetica,sans-serif;\"><span style=\"font-size: 10pt;\">Los aspirantes\u00a0que quieran solicitar Equivalencias, o que hagan su ingreso por Pase,\u00a0deber\u00e1n regirse por la siguiente Normativa seg\u00fan corresponda:\u00a0\u00a0<\/span><\/span><\/h2>\n<h3>Descargar <a href=\"https:\/\/isfd114-bue.infd.edu.ar\/sitio\/wp-content\/uploads\/2024\/11\/Instructivo_pases_y_equivalencias_2025.docx\">INSTRUCTIVO PASES y EQUIVALENCIAS<\/a><\/h3>\n<h3>Planilla Equivalencia Autom\u00e1tica. Descargar <a href=\"https:\/\/isfd114-bue.infd.edu.ar\/sitio\/wp-content\/uploads\/2024\/11\/Equivalencia-Automatica.docx\">Aqu\u00ed.<\/a><\/h3>\n<h3>Planilla Equivalencia Total o Parcial. Descargar <a href=\"https:\/\/isfd114-bue.infd.edu.ar\/sitio\/wp-content\/uploads\/2024\/11\/Equivalencia-Total-o-Parcial.doc\">Aqu\u00ed<\/a>.<\/h3>\n\n\n<p><\/p>\n","protected":false},"excerpt":{"rendered":"<p>\u00a0Los aspirantes\u00a0que quieran solicitar Equivalencias, o que hagan su ingreso por Pase,\u00a0deber\u00e1n regirse por la siguiente Normativa seg\u00fan corresponda:\u00a0\u00a0 Descargar INSTRUCTIVO PASES y EQUIVALENCIAS Planilla Equivalencia Autom\u00e1tica. Descargar Aqu\u00ed. Planilla Equivalencia Total o Parcial. Descargar Aqu\u00ed.<\/p>\n","protected":false},"author":1569,"featured_media":0,"parent":0,"menu_order":0,"comment_status":"closed","ping_status":"closed","template":"","meta":[],"acf":[],"_links":{"self":[{"href":"https:\/\/isfd114-bue.infd.edu.ar\/sitio\/wp-json\/wp\/v2\/pages\/907"}],"collection":[{"href":"https:\/\/isfd114-bue.infd.edu.ar\/sitio\/wp-json\/wp\/v2\/pages"}],"about":[{"href":"https:\/\/isfd114-bue.infd.edu.ar\/sitio\/wp-json\/wp\/v2\/types\/page"}],"author":[{"embeddable":true,"href":"https:\/\/isfd114-bue.infd.edu.ar\/sitio\/wp-json\/wp\/v2\/users\/1569"}],"replies":[{"embeddable":true,"href":"https:\/\/isfd114-bue.infd.edu.ar\/sitio\/wp-json\/wp\/v2\/comments?post=907"}],"version-history":[{"count":20,"href":"https:\/\/isfd114-bue.infd.edu.ar\/sitio\/wp-json\/wp\/v2\/pages\/907\/revisions"}],"predecessor-version":[{"id":2237,"href":"https:\/\/isfd114-bue.infd.edu.ar\/sitio\/wp-json\/wp\/v2\/pages\/907\/revisions\/2237"}],"wp:attachment":[{"href":"https:\/\/isfd114-bue.infd.edu.ar\/sitio\/wp-json\/wp\/v2\/media?parent=907"}],"curies":[{"name":"wp","href":"https:\/\/api.w.org\/{rel}","templated":true}]}}